{"id":173,"date":"2023-12-22T10:16:41","date_gmt":"2023-12-22T10:16:41","guid":{"rendered":"https:\/\/bibliotekavirtuale.com\/?page_id=173"},"modified":"2023-12-22T10:27:34","modified_gmt":"2023-12-22T10:27:34","slug":"menaxhimi-i-perdoruesit","status":"publish","type":"page","link":"https:\/\/bibliotekavirtuale.com\/index.php\/menaxhimi-i-perdoruesit\/","title":{"rendered":"PPS-Sistemi i Gjurmimit dhe Menaxhimit t\u00eb Personelit"},"content":{"rendered":"\t\t<div data-elementor-type=\"wp-page\" data-elementor-id=\"173\" class=\"elementor elementor-173\">\n\t\t\t\t<div class=\"elementor-element elementor-element-060f1ee e-flex e-con-boxed e-con e-parent\" data-id=\"060f1ee\" data-element_type=\"container\">\n\t\t\t\t\t<div class=\"e-con-inner\">\n\t\t\t\t<div class=\"elementor-element elementor-element-42e92d9 elementor-widget elementor-widget-shortcode\" data-id=\"42e92d9\" data-element_type=\"widget\" data-widget_type=\"shortcode.default\">\n\t\t\t\t<div class=\"elementor-widget-container\">\n\t\t\t\t\t\t\t<div class=\"elementor-shortcode\"><\/div>\n\t\t\t\t\t\t<\/div>\n\t\t\t\t<\/div>\n\t\t\t\t\t<\/div>\n\t\t\t\t<\/div>\n\t\t<div class=\"elementor-element elementor-element-98529c3 e-flex e-con-boxed e-con e-parent\" data-id=\"98529c3\" data-element_type=\"container\">\n\t\t\t\t\t<div class=\"e-con-inner\">\n\t\t\t\t<div class=\"elementor-element elementor-element-059b0c4 elementor-widget elementor-widget-heading\" data-id=\"059b0c4\" data-element_type=\"widget\" data-widget_type=\"heading.default\">\n\t\t\t\t<div class=\"elementor-widget-container\">\n\t\t\t\t\t<h2 class=\"elementor-heading-title elementor-size-default\">Pse ?<\/h2>\t\t\t\t<\/div>\n\t\t\t\t<\/div>\n\t\t\t\t\t<\/div>\n\t\t\t\t<\/div>\n\t\t<div class=\"elementor-element elementor-element-13a4ad5 e-flex e-con-boxed e-con e-parent\" data-id=\"13a4ad5\" data-element_type=\"container\">\n\t\t\t\t\t<div class=\"e-con-inner\">\n\t\t\t\t<div class=\"elementor-element elementor-element-f919f6c elementor-widget elementor-widget-text-editor\" data-id=\"f919f6c\" data-element_type=\"widget\" data-widget_type=\"text-editor.default\">\n\t\t\t\t<div class=\"elementor-widget-container\">\n\t\t\t\t\t\t\t\t\t<p>Sistemi i gjurmimit dhe pagesave t\u00eb personelit, i cili mund t\u00eb p\u00ebrdoret n\u00eb t\u00eb gjitha fushat ku k\u00ebrkohet kontrolli i aksesit, si institucionet publike, universitetet, kompanit\u00eb e sektorit privat, \u00ebsht\u00eb nj\u00eb sistem pagese dhe kontrolli i aksesit t\u00eb personelit i bazuar n\u00eb RFID, ku teknologjit\u00eb HF dhe UHF p\u00ebrdoren s\u00eb bashku. Sistemi, i cili mund\u00ebson kryerjen e operacioneve t\u00eb tranzicionit t\u00eb personelit dhe pagesave t\u00eb personelit me nj\u00eb kart\u00eb t\u00eb vetme, ofron zgjidhje optimale si p\u00ebr institucionet ashtu edhe p\u00ebr personelin institucional.<\/p><p>PPS, e cila mund\u00ebson kryerjen e operacioneve t\u00eb tranzicionit t\u00eb personelit dhe pagesave t\u00eb personelit me nj\u00eb kart\u00eb t\u00eb vetme, ofron fjal\u00ebkalimin, kart\u00ebn, leximin e fytyr\u00ebs, leximin e gjurm\u00ebve t\u00eb gisht\u00ebrinjve etj. sipas nevojave t\u00eb institucioneve. Ofron zgjidhje t\u00eb tilla s\u00eb bashku ose ve\u00e7mas n\u00eb kombinime t\u00eb ndryshme.<\/p><p>Pse PPS?<\/p><p><br \/>\u2022 Sigurimi i t\u00eb gjitha transaksioneve t\u00eb tranzicionit dhe pagesave me nj\u00eb kart\u00eb t\u00eb vetme<br \/>\u2022 Menaxhimi dhe gjurmimi i personelit n\u00eb koh\u00eb reale<br \/>\u2022 Operacione t\u00eb kontrollit t\u00eb aksesit pa gabime dhe efektive<br \/>\u2022 Zgjidhje pagese t\u00eb besueshme, t\u00eb shpejta dhe t\u00eb lehta<br \/>\u2022 Kontroll efektiv me funksion t\u00eb autorizimit t\u00eb bazuar n\u00eb person<br \/>\u2022 Sigurimi i siguris\u00eb s\u00eb t\u00eb dh\u00ebnave me mund\u00ebsin\u00eb e printimit t\u00eb kartave t\u00eb identitetit t\u00eb personelit n\u00eb sht\u00ebpi<br \/>\u2022 Hetimi retrospektiv i personelit p\u00ebr vendndodhjen<br \/>\u2022 Aft\u00ebsia p\u00ebr t\u00eb ofruar s\u00eb bashku zgjidhje specifike p\u00ebr korporatat fal\u00eb arkitektur\u00ebs fleksib\u00ebl<\/p>\t\t\t\t\t\t\t\t<\/div>\n\t\t\t\t<\/div>\n\t\t\t\t\t<\/div>\n\t\t\t\t<\/div>\n\t\t<div class=\"elementor-element elementor-element-1fa78b9 e-flex e-con-boxed e-con e-parent\" data-id=\"1fa78b9\" data-element_type=\"container\">\n\t\t\t\t\t<div class=\"e-con-inner\">\n\t\t<div class=\"elementor-element elementor-element-44e639b e-con-full e-flex e-con e-child\" data-id=\"44e639b\" data-element_type=\"container\">\n\t\t\t\t<div class=\"elementor-element elementor-element-b1eef55 elementor-widget elementor-widget-image\" data-id=\"b1eef55\" data-element_type=\"widget\" data-widget_type=\"image.default\">\n\t\t\t\t<div class=\"elementor-widget-container\">\n\t\t\t\t\t\t\t\t\t\t\t\t\t\t\t<img fetchpriority=\"high\" decoding=\"async\" width=\"480\" height=\"222\" src=\"https:\/\/bibliotekavirtuale.com\/wp-content\/uploads\/2023\/12\/pps_kucuk.png\" class=\"attachment-large size-large wp-image-187\" alt=\"\" \/>\t\t\t\t\t\t\t\t\t\t\t\t\t\t\t<\/div>\n\t\t\t\t<\/div>\n\t\t\t\t<\/div>\n\t\t<div class=\"elementor-element elementor-element-74746c5 e-con-full e-flex e-con e-child\" data-id=\"74746c5\" data-element_type=\"container\">\n\t\t\t\t<\/div>\n\t\t\t\t\t<\/div>\n\t\t\t\t<\/div>\n\t\t<div class=\"elementor-element elementor-element-68af2e9 e-flex e-con-boxed e-con e-parent\" data-id=\"68af2e9\" data-element_type=\"container\">\n\t\t\t\t\t<div class=\"e-con-inner\">\n\t\t\t\t<div class=\"elementor-element elementor-element-b4784aa elementor-tabs-view-horizontal elementor-widget elementor-widget-tabs\" data-id=\"b4784aa\" data-element_type=\"widget\" data-widget_type=\"tabs.default\">\n\t\t\t\t<div class=\"elementor-widget-container\">\n\t\t\t\t\t\t\t<div class=\"elementor-tabs\">\n\t\t\t<div class=\"elementor-tabs-wrapper\" role=\"tablist\" >\n\t\t\t\t\t\t\t\t\t<div id=\"elementor-tab-title-1891\" class=\"elementor-tab-title elementor-tab-desktop-title\" aria-selected=\"true\" data-tab=\"1\" role=\"tab\" tabindex=\"0\" aria-controls=\"elementor-tab-content-1891\" aria-expanded=\"false\">Leja e personelit<\/div>\n\t\t\t\t\t\t\t\t\t<div id=\"elementor-tab-title-1892\" class=\"elementor-tab-title elementor-tab-desktop-title\" aria-selected=\"false\" data-tab=\"2\" role=\"tab\" tabindex=\"-1\" aria-controls=\"elementor-tab-content-1892\" aria-expanded=\"false\">Sistemi i pagesave<\/div>\n\t\t\t\t\t\t\t<\/div>\n\t\t\t<div class=\"elementor-tabs-content-wrapper\" role=\"tablist\" aria-orientation=\"vertical\">\n\t\t\t\t\t\t\t\t\t<div class=\"elementor-tab-title elementor-tab-mobile-title\" aria-selected=\"true\" data-tab=\"1\" role=\"tab\" tabindex=\"0\" aria-controls=\"elementor-tab-content-1891\" aria-expanded=\"false\">Leja e personelit<\/div>\n\t\t\t\t\t<div id=\"elementor-tab-content-1891\" class=\"elementor-tab-content elementor-clearfix\" data-tab=\"1\" role=\"tabpanel\" aria-labelledby=\"elementor-tab-title-1891\" tabindex=\"0\" hidden=\"false\"><p>Sistemi i aksesit t\u00eb personelit, i projektuar n\u00eb p\u00ebrputhje me struktur\u00ebn hierarkike, lejon pik\u00eb aksesi dhe autorizime t\u00eb bazuara te personat. Tranzicionet e personelit dhe raportimi mund t\u00eb shikohen menj\u00ebher\u00eb nga nd\u00ebrfaqja e internetit dhe fal\u00eb modelimit dinamik, pikat e d\u00ebshiruara t\u00eb tranzicionit mund t\u00eb shtohen leht\u00ebsisht m\u00eb von\u00eb. Ve\u00e7oria e funksionimit jasht\u00eb linje t\u00eb sistemit formon baz\u00ebn e p\u00ebrdorimit me koh\u00eb t\u00eb plot\u00eb dhe leht\u00ebsin\u00eb e kontrollit. Sistemi, i cili lejon printimin e kartave t\u00eb personelit brenda institucionit, garanton gjithashtu sigurin\u00eb e t\u00eb dh\u00ebnave institucionale.<\/p><p>Autorizimi i bazuar n\u00eb personel, grup dhe vendndodhje<br \/>Karakteristik\u00eb kund\u00ebr kalimit<br \/>Moduli i vizitor\u00ebve<br \/>Integrim i leht\u00eb<br \/>Leht\u00ebsia e furnizimit me karta<br \/>P\u00ebrve\u00e7 kartave t\u00eb personelit, opsionet e skanimit t\u00eb fytyr\u00ebs, syve dhe gjurm\u00ebve t\u00eb gishtave jan\u00eb t\u00eb disponueshme gjat\u00eb operacioneve t\u00eb tranzicionit.<br \/>Mund\u00ebsia e printimit t\u00eb kartave t\u00eb identitetit t\u00eb personelit n\u00eb sht\u00ebpi<\/p><\/div>\n\t\t\t\t\t\t\t\t\t<div class=\"elementor-tab-title elementor-tab-mobile-title\" aria-selected=\"false\" data-tab=\"2\" role=\"tab\" tabindex=\"-1\" aria-controls=\"elementor-tab-content-1892\" aria-expanded=\"false\">Sistemi i pagesave<\/div>\n\t\t\t\t\t<div id=\"elementor-tab-content-1892\" class=\"elementor-tab-content elementor-clearfix\" data-tab=\"2\" role=\"tabpanel\" aria-labelledby=\"elementor-tab-title-1892\" tabindex=\"0\" hidden=\"hidden\"><p>Sistemet e pagesave q\u00eb lejojn\u00eb blerjet pa para n\u00eb t\u00eb gjitha pikat e pagesave me kart\u00ebn e identitetit t\u00eb personelit ofrojn\u00eb nj\u00eb zgjidhje t\u00eb shpejt\u00eb dhe t\u00eb besueshme.<br \/>Me ve\u00e7orit\u00eb e softuerit t\u00eb sistemit, i cili ofron nj\u00eb infrastruktur\u00eb alternative ndaj operacioneve q\u00eb kryhen me bankat, shpenzimet brenda institucionit mund t\u00eb kontrollohen leht\u00ebsisht dhe mund t\u00eb merren raporte t\u00eb bazuara n\u00eb data.<br \/>Fal\u00eb modulit t\u00eb softuerit t\u00eb kafenes\u00eb dhe mjeteve p\u00ebrkat\u00ebse t\u00eb raportimit, t\u00eb dh\u00ebnat operacionale mund t\u00eb merren n\u00ebp\u00ebrmjet nd\u00ebrfaqeve grafike, si dhe hyrjet dhe shpenzimet mund t\u00eb raportohen n\u00eb \u00e7ast.<\/p><p>Mund\u00ebsia e blerjeve pa p\u00ebrdorur cash n\u00eb t\u00eb gjitha pikat e pages\u00ebs me nj\u00eb kart\u00eb t\u00eb vetme,<br \/>Mund\u00ebsia p\u00ebr t\u00eb monitoruar dhe drejtuar skenar\u00ebt e mundsh\u00ebm t\u00eb prodhimit bazuar n\u00eb konsumin ditor n\u00eb kafene me raportim t\u00eb menj\u00ebhersh\u00ebm dhe periodik,<br \/>Aft\u00ebsia p\u00ebr t\u00eb identifikuar\/monitoruar leht\u00ebsisht sh\u00ebrbimet efikase dhe joefikase q\u00eb jan\u00eb subjekt i nj\u00eb tarife<br \/>Pages\u00eb e shpejt\u00eb dhe e besueshme n\u00eb t\u00eb gjitha pikat e pages\u00ebs<br \/>Operacion i leht\u00eb i ngarkimit t\u00eb parave<br \/>Back office &#8211; Rregullimi i rrjedh\u00ebs s\u00eb paras\u00eb<\/p><\/div>\n\t\t\t\t\t\t\t<\/div>\n\t\t<\/div>\n\t\t\t\t\t\t<\/div>\n\t\t\t\t<\/div>\n\t\t\t\t\t<\/div>\n\t\t\t\t<\/div>\n\t\t\t\t<\/div>\n\t\t","protected":false},"excerpt":{"rendered":"<p>Pse ? Sistemi i gjurmimit dhe pagesave t\u00eb personelit, i cili mund t\u00eb p\u00ebrdoret n\u00eb t\u00eb gjitha fushat ku k\u00ebrkohet kontrolli i aksesit, si institucionet publike, universitetet, kompanit\u00eb e sektorit privat, \u00ebsht\u00eb nj\u00eb sistem pagese dhe kontrolli i aksesit t\u00eb personelit i bazuar n\u00eb RFID, ku teknologjit\u00eb HF dhe UHF p\u00ebrdoren s\u00eb bashku. Sistemi, i [&hellip;]<\/p>\n","protected":false},"author":2,"featured_media":0,"parent":0,"menu_order":0,"comment_status":"closed","ping_status":"closed","template":"","meta":{"footnotes":""},"class_list":["post-173","page","type-page","status-publish","hentry","post"],"_links":{"self":[{"href":"https:\/\/bibliotekavirtuale.com\/index.php\/wp-json\/wp\/v2\/pages\/173","targetHints":{"allow":["GET"]}}],"collection":[{"href":"https:\/\/bibliotekavirtuale.com\/index.php\/wp-json\/wp\/v2\/pages"}],"about":[{"href":"https:\/\/bibliotekavirtuale.com\/index.php\/wp-json\/wp\/v2\/types\/page"}],"author":[{"embeddable":true,"href":"https:\/\/bibliotekavirtuale.com\/index.php\/wp-json\/wp\/v2\/users\/2"}],"replies":[{"embeddable":true,"href":"https:\/\/bibliotekavirtuale.com\/index.php\/wp-json\/wp\/v2\/comments?post=173"}],"version-history":[{"count":14,"href":"https:\/\/bibliotekavirtuale.com\/index.php\/wp-json\/wp\/v2\/pages\/173\/revisions"}],"predecessor-version":[{"id":190,"href":"https:\/\/bibliotekavirtuale.com\/index.php\/wp-json\/wp\/v2\/pages\/173\/revisions\/190"}],"wp:attachment":[{"href":"https:\/\/bibliotekavirtuale.com\/index.php\/wp-json\/wp\/v2\/media?parent=173"}],"curies":[{"name":"wp","href":"https:\/\/api.w.org\/{rel}","templated":true}]}}