{"id":193,"date":"2023-12-22T10:42:02","date_gmt":"2023-12-22T10:42:02","guid":{"rendered":"https:\/\/bibliotekavirtuale.com\/?page_id=193"},"modified":"2023-12-22T10:54:09","modified_gmt":"2023-12-22T10:54:09","slug":"sistemet-e-veshjeve-lockref-smart","status":"publish","type":"page","link":"https:\/\/bibliotekavirtuale.com\/index.php\/sistemet-e-veshjeve-lockref-smart\/","title":{"rendered":"Sistemet e veshjeve LOCKREF-Smart"},"content":{"rendered":"\t\t<div data-elementor-type=\"wp-page\" data-elementor-id=\"193\" class=\"elementor elementor-193\">\n\t\t\t\t<div class=\"elementor-element elementor-element-77102f5 e-flex e-con-boxed e-con e-parent\" data-id=\"77102f5\" data-element_type=\"container\">\n\t\t\t\t\t<div class=\"e-con-inner\">\n\t\t\t\t<div class=\"elementor-element elementor-element-5742f4a elementor-widget elementor-widget-shortcode\" data-id=\"5742f4a\" data-element_type=\"widget\" data-widget_type=\"shortcode.default\">\n\t\t\t\t<div class=\"elementor-widget-container\">\n\t\t\t\t\t\t\t<div class=\"elementor-shortcode\"><\/div>\n\t\t\t\t\t\t<\/div>\n\t\t\t\t<\/div>\n\t\t\t\t\t<\/div>\n\t\t\t\t<\/div>\n\t\t<div class=\"elementor-element elementor-element-f8582ed e-flex e-con-boxed e-con e-parent\" data-id=\"f8582ed\" data-element_type=\"container\">\n\t\t\t\t\t<div class=\"e-con-inner\">\n\t\t\t\t<div class=\"elementor-element elementor-element-c6a68c2 elementor-widget elementor-widget-heading\" data-id=\"c6a68c2\" data-element_type=\"widget\" data-widget_type=\"heading.default\">\n\t\t\t\t<div class=\"elementor-widget-container\">\n\t\t\t\t\t<h2 class=\"elementor-heading-title elementor-size-default\">Pse ?<\/h2>\t\t\t\t<\/div>\n\t\t\t\t<\/div>\n\t\t\t\t\t<\/div>\n\t\t\t\t<\/div>\n\t\t<div class=\"elementor-element elementor-element-db9013b e-flex e-con-boxed e-con e-parent\" data-id=\"db9013b\" data-element_type=\"container\">\n\t\t\t\t\t<div class=\"e-con-inner\">\n\t\t<div class=\"elementor-element elementor-element-be7ac7b e-con-full e-flex e-con e-child\" data-id=\"be7ac7b\" data-element_type=\"container\">\n\t\t\t\t<div class=\"elementor-element elementor-element-3988a2c elementor-widget elementor-widget-text-editor\" data-id=\"3988a2c\" data-element_type=\"widget\" data-widget_type=\"text-editor.default\">\n\t\t\t\t<div class=\"elementor-widget-container\">\n\t\t\t\t\t\t\t\t\t<p>LOCKREF, nj\u00eb sistem bllokimi elektronik i bazuar n\u00eb RFID, ofron zgjidhje t\u00eb gjenerat\u00ebs s\u00eb re n\u00eb vend t\u00eb sistemeve tradicionale t\u00eb bllokimit mekanik. Ka p\u00ebrdorim praktik me kartat inteligjente, zinxhir\u00ebt e \u00e7el\u00ebsave dhe shiritat e dor\u00ebs. LOCKREF, i cili mund t\u00eb p\u00ebrdoret n\u00eb sip\u00ebrfaqe t\u00eb ndryshme si metal, plastik\u00eb, dru dhe qelq, ka nj\u00eb zon\u00eb t\u00eb gjer\u00eb aplikimi. Mund t\u00eb funksionoj\u00eb offline dhe online sipas nevojave.<\/p>\t\t\t\t\t\t\t\t<\/div>\n\t\t\t\t<\/div>\n\t\t\t\t<\/div>\n\t\t<div class=\"elementor-element elementor-element-fe555b3 e-con-full e-flex e-con e-child\" data-id=\"fe555b3\" data-element_type=\"container\">\n\t\t\t\t<div class=\"elementor-element elementor-element-fc4a5ba elementor-tabs-view-horizontal elementor-widget elementor-widget-tabs\" data-id=\"fc4a5ba\" data-element_type=\"widget\" data-widget_type=\"tabs.default\">\n\t\t\t\t<div class=\"elementor-widget-container\">\n\t\t\t\t\t\t\t<div class=\"elementor-tabs\">\n\t\t\t<div class=\"elementor-tabs-wrapper\" role=\"tablist\" >\n\t\t\t\t\t\t\t\t\t<div id=\"elementor-tab-title-2641\" class=\"elementor-tab-title elementor-tab-desktop-title\" aria-selected=\"true\" data-tab=\"1\" role=\"tab\" tabindex=\"0\" aria-controls=\"elementor-tab-content-2641\" aria-expanded=\"false\">Modaliteti i pun\u00ebs n\u00eb internet<\/div>\n\t\t\t\t\t\t\t\t\t<div id=\"elementor-tab-title-2642\" class=\"elementor-tab-title elementor-tab-desktop-title\" aria-selected=\"false\" data-tab=\"2\" role=\"tab\" tabindex=\"-1\" aria-controls=\"elementor-tab-content-2642\" aria-expanded=\"false\"> Modaliteti i pun\u00ebs jasht\u00eb linje<\/div>\n\t\t\t\t\t\t\t\t\t<div id=\"elementor-tab-title-2643\" class=\"elementor-tab-title elementor-tab-desktop-title\" aria-selected=\"false\" data-tab=\"3\" role=\"tab\" tabindex=\"-1\" aria-controls=\"elementor-tab-content-2643\" aria-expanded=\"false\">Karakteristikat e Sistemit Smart Locker LOCKREF<\/div>\n\t\t\t\t\t\t\t<\/div>\n\t\t\t<div class=\"elementor-tabs-content-wrapper\" role=\"tablist\" aria-orientation=\"vertical\">\n\t\t\t\t\t\t\t\t\t<div class=\"elementor-tab-title elementor-tab-mobile-title\" aria-selected=\"true\" data-tab=\"1\" role=\"tab\" tabindex=\"0\" aria-controls=\"elementor-tab-content-2641\" aria-expanded=\"false\">Modaliteti i pun\u00ebs n\u00eb internet<\/div>\n\t\t\t\t\t<div id=\"elementor-tab-content-2641\" class=\"elementor-tab-content elementor-clearfix\" data-tab=\"1\" role=\"tabpanel\" aria-labelledby=\"elementor-tab-title-2641\" tabindex=\"0\" hidden=\"false\"><p>Ai ofron zgjidhje praktike specifike p\u00ebr institucionin me sistemin e tij t\u00eb kontrollit t\u00eb bllokimit qendror mbi rrjetin e korporat\u00ebs, autorizimin e administratorit, raportimin retrospektiv, funksionin e alarmit kund\u00ebr situatave t\u00eb pad\u00ebshiruara, aft\u00ebsin\u00eb p\u00ebr t\u00eb parandaluar mbylljen e shum\u00eb dollap\u00ebve me t\u00eb nj\u00ebjt\u00ebn ID dhe debitimin e kasafort\u00ebs. ve\u00e7orit\u00eb.<\/p><\/div>\n\t\t\t\t\t\t\t\t\t<div class=\"elementor-tab-title elementor-tab-mobile-title\" aria-selected=\"false\" data-tab=\"2\" role=\"tab\" tabindex=\"-1\" aria-controls=\"elementor-tab-content-2642\" aria-expanded=\"false\"> Modaliteti i pun\u00ebs jasht\u00eb linje<\/div>\n\t\t\t\t\t<div id=\"elementor-tab-content-2642\" class=\"elementor-tab-content elementor-clearfix\" data-tab=\"2\" role=\"tabpanel\" aria-labelledby=\"elementor-tab-title-2642\" tabindex=\"0\" hidden=\"hidden\"><p>Duke p\u00ebrdorur brav\u00eb elektronike me bateri, pa pasur nevoj\u00eb p\u00ebr rrjet; Ai ka aft\u00ebsin\u00eb t\u00eb p\u00ebrdoret nga identitete elektronike individuale, grupore ose institucionale.<\/p><\/div>\n\t\t\t\t\t\t\t\t\t<div class=\"elementor-tab-title elementor-tab-mobile-title\" aria-selected=\"false\" data-tab=\"3\" role=\"tab\" tabindex=\"-1\" aria-controls=\"elementor-tab-content-2643\" aria-expanded=\"false\">Karakteristikat e Sistemit Smart Locker LOCKREF<\/div>\n\t\t\t\t\t<div id=\"elementor-tab-content-2643\" class=\"elementor-tab-content elementor-clearfix\" data-tab=\"3\" role=\"tabpanel\" aria-labelledby=\"elementor-tab-title-2643\" tabindex=\"0\" hidden=\"hidden\"><p>* Sigurimi i mbrojtjes kund\u00ebr vjedhjes<br \/>* Sistemi elektronik i bllokimit<br \/>* Instalim i leht\u00eb n\u00eb struktur\u00ebn ekzistuese t\u00eb kabinetit<br \/>* Dizajn cil\u00ebsor dhe afatgjat\u00eb<br \/>* P\u00ebrdoreni me kartat inteligjente, \u00e7el\u00ebsat dhe shiritat e dor\u00ebs<br \/>* Menaxhimi i kontrollit t\u00eb bllokimit qendror<br \/>* Opsionet e sistemit operativ<br \/>* Modaliteti online\/offline<br \/>* Funksioni i aksesit n\u00eb distanc\u00eb<br \/>* Aft\u00ebsia p\u00ebr t\u00eb rezervuar informacionin e p\u00ebrdorimit<\/p><\/div>\n\t\t\t\t\t\t\t<\/div>\n\t\t<\/div>\n\t\t\t\t\t\t<\/div>\n\t\t\t\t<\/div>\n\t\t\t\t<\/div>\n\t\t\t\t\t<\/div>\n\t\t\t\t<\/div>\n\t\t<div class=\"elementor-element elementor-element-db6c444 e-flex e-con-boxed e-con e-parent\" data-id=\"db6c444\" data-element_type=\"container\">\n\t\t\t\t\t<div class=\"e-con-inner\">\n\t\t<div class=\"elementor-element elementor-element-95ed241 e-con-full e-flex e-con e-child\" data-id=\"95ed241\" data-element_type=\"container\">\n\t\t\t\t<div class=\"elementor-element elementor-element-1cb3b47 elementor-widget elementor-widget-image\" data-id=\"1cb3b47\" data-element_type=\"widget\" data-widget_type=\"image.default\">\n\t\t\t\t<div class=\"elementor-widget-container\">\n\t\t\t\t\t\t\t\t\t\t\t\t\t\t\t<img decoding=\"async\" width=\"262\" height=\"176\" src=\"https:\/\/bibliotekavirtuale.com\/wp-content\/uploads\/2023\/12\/1-1.png\" class=\"attachment-large size-large wp-image-206\" alt=\"\" \/>\t\t\t\t\t\t\t\t\t\t\t\t\t\t\t<\/div>\n\t\t\t\t<\/div>\n\t\t\t\t<\/div>\n\t\t<div class=\"elementor-element elementor-element-0020629 e-con-full e-flex e-con e-child\" data-id=\"0020629\" data-element_type=\"container\">\n\t\t\t\t<div class=\"elementor-element elementor-element-e86d66c elementor-widget elementor-widget-image\" data-id=\"e86d66c\" data-element_type=\"widget\" data-widget_type=\"image.default\">\n\t\t\t\t<div class=\"elementor-widget-container\">\n\t\t\t\t\t\t\t\t\t\t\t\t\t\t\t<img decoding=\"async\" width=\"262\" height=\"176\" src=\"https:\/\/bibliotekavirtuale.com\/wp-content\/uploads\/2023\/12\/2-1.png\" class=\"attachment-large size-large wp-image-207\" alt=\"\" \/>\t\t\t\t\t\t\t\t\t\t\t\t\t\t\t<\/div>\n\t\t\t\t<\/div>\n\t\t\t\t<\/div>\n\t\t<div class=\"elementor-element elementor-element-53ec838 e-con-full e-flex e-con e-child\" data-id=\"53ec838\" data-element_type=\"container\">\n\t\t\t\t<\/div>\n\t\t<div class=\"elementor-element elementor-element-4e8c8a3 e-con-full e-flex e-con e-child\" data-id=\"4e8c8a3\" data-element_type=\"container\">\n\t\t\t\t<\/div>\n\t\t\t\t\t<\/div>\n\t\t\t\t<\/div>\n\t\t\t\t<\/div>\n\t\t","protected":false},"excerpt":{"rendered":"<p>Pse ? LOCKREF, nj\u00eb sistem bllokimi elektronik i bazuar n\u00eb RFID, ofron zgjidhje t\u00eb gjenerat\u00ebs s\u00eb re n\u00eb vend t\u00eb sistemeve tradicionale t\u00eb bllokimit mekanik. Ka p\u00ebrdorim praktik me kartat inteligjente, zinxhir\u00ebt e \u00e7el\u00ebsave dhe shiritat e dor\u00ebs. LOCKREF, i cili mund t\u00eb p\u00ebrdoret n\u00eb sip\u00ebrfaqe t\u00eb ndryshme si metal, plastik\u00eb, dru dhe qelq, ka [&hellip;]<\/p>\n","protected":false},"author":2,"featured_media":0,"parent":0,"menu_order":0,"comment_status":"closed","ping_status":"closed","template":"","meta":{"footnotes":""},"class_list":["post-193","page","type-page","status-publish","hentry","post"],"_links":{"self":[{"href":"https:\/\/bibliotekavirtuale.com\/index.php\/wp-json\/wp\/v2\/pages\/193","targetHints":{"allow":["GET"]}}],"collection":[{"href":"https:\/\/bibliotekavirtuale.com\/index.php\/wp-json\/wp\/v2\/pages"}],"about":[{"href":"https:\/\/bibliotekavirtuale.com\/index.php\/wp-json\/wp\/v2\/types\/page"}],"author":[{"embeddable":true,"href":"https:\/\/bibliotekavirtuale.com\/index.php\/wp-json\/wp\/v2\/users\/2"}],"replies":[{"embeddable":true,"href":"https:\/\/bibliotekavirtuale.com\/index.php\/wp-json\/wp\/v2\/comments?post=193"}],"version-history":[{"count":13,"href":"https:\/\/bibliotekavirtuale.com\/index.php\/wp-json\/wp\/v2\/pages\/193\/revisions"}],"predecessor-version":[{"id":210,"href":"https:\/\/bibliotekavirtuale.com\/index.php\/wp-json\/wp\/v2\/pages\/193\/revisions\/210"}],"wp:attachment":[{"href":"https:\/\/bibliotekavirtuale.com\/index.php\/wp-json\/wp\/v2\/media?parent=193"}],"curies":[{"name":"wp","href":"https:\/\/api.w.org\/{rel}","templated":true}]}}