{"id":233,"date":"2023-12-23T07:56:07","date_gmt":"2023-12-23T07:56:07","guid":{"rendered":"https:\/\/bibliotekavirtuale.com\/?page_id=233"},"modified":"2023-12-23T08:00:09","modified_gmt":"2023-12-23T08:00:09","slug":"sistemet-e-sensoreve","status":"publish","type":"page","link":"https:\/\/bibliotekavirtuale.com\/index.php\/sistemet-e-sensoreve\/","title":{"rendered":"Sistemet e sensor\u00ebve"},"content":{"rendered":"\t\t<div data-elementor-type=\"wp-page\" data-elementor-id=\"233\" class=\"elementor elementor-233\">\n\t\t\t\t<div class=\"elementor-element elementor-element-a3747cc e-flex e-con-boxed e-con e-parent\" data-id=\"a3747cc\" data-element_type=\"container\">\n\t\t\t\t\t<div class=\"e-con-inner\">\n\t\t\t\t<div class=\"elementor-element elementor-element-6333bc0 elementor-widget elementor-widget-shortcode\" data-id=\"6333bc0\" data-element_type=\"widget\" data-widget_type=\"shortcode.default\">\n\t\t\t\t<div class=\"elementor-widget-container\">\n\t\t\t\t\t\t\t<div class=\"elementor-shortcode\"><\/div>\n\t\t\t\t\t\t<\/div>\n\t\t\t\t<\/div>\n\t\t\t\t\t<\/div>\n\t\t\t\t<\/div>\n\t\t<div class=\"elementor-element elementor-element-9c30c4b e-flex e-con-boxed e-con e-parent\" data-id=\"9c30c4b\" data-element_type=\"container\">\n\t\t\t\t\t<div class=\"e-con-inner\">\n\t\t<div class=\"elementor-element elementor-element-8cb9c4e e-con-full e-flex e-con e-child\" data-id=\"8cb9c4e\" data-element_type=\"container\">\n\t\t\t\t<div class=\"elementor-element elementor-element-eb9f5fe elementor-widget elementor-widget-text-editor\" data-id=\"eb9f5fe\" data-element_type=\"widget\" data-widget_type=\"text-editor.default\">\n\t\t\t\t<div class=\"elementor-widget-container\">\n\t\t\t\t\t\t\t\t\t<p>\u00cbsht\u00eb e r\u00ebnd\u00ebsishme q\u00eb koleksioni t\u00eb mund t\u00eb ruhet n\u00eb nivelet e duhura t\u00eb lag\u00ebshtis\u00eb dhe temperatur\u00ebs dhe q\u00eb t\u00eb krijohen hap\u00ebsira banimi t\u00eb p\u00ebrshtatshme p\u00ebr komoditetin e p\u00ebrdoruesve. Sigurimi i ajrit t\u00eb kondicionuar me sisteme t\u00eb menaxhuara nga qendra dhe t\u00eb kontrolluara automatikisht n\u00eb koh\u00eb reale, n\u00eb vend t\u00eb zgjidhjeve t\u00eb thjeshta t\u00eb njohura, do t\u00eb lejoj\u00eb q\u00eb koleksionet t\u00eb ruhen p\u00ebr nj\u00eb koh\u00eb t\u00eb gjat\u00eb dhe p\u00ebrdoruesit t\u00eb p\u00ebrfitojn\u00eb m\u00eb shum\u00eb nga bibliotekat n\u00eb mjedise t\u00eb bollshme.<\/p>\t\t\t\t\t\t\t\t<\/div>\n\t\t\t\t<\/div>\n\t\t\t\t<\/div>\n\t\t<div class=\"elementor-element elementor-element-3e07985 e-con-full e-flex e-con e-child\" data-id=\"3e07985\" data-element_type=\"container\">\n\t\t\t\t<div class=\"elementor-element elementor-element-e78a2f1 elementor-widget elementor-widget-image\" data-id=\"e78a2f1\" data-element_type=\"widget\" data-widget_type=\"image.default\">\n\t\t\t\t<div class=\"elementor-widget-container\">\n\t\t\t\t\t\t\t\t\t\t\t\t\t\t\t<img fetchpriority=\"high\" decoding=\"async\" width=\"700\" height=\"425\" src=\"https:\/\/bibliotekavirtuale.com\/wp-content\/uploads\/2023\/12\/new_mac.jpg\" class=\"attachment-large size-large wp-image-236\" alt=\"\" \/>\t\t\t\t\t\t\t\t\t\t\t\t\t\t\t<\/div>\n\t\t\t\t<\/div>\n\t\t\t\t<\/div>\n\t\t\t\t\t<\/div>\n\t\t\t\t<\/div>\n\t\t<div class=\"elementor-element elementor-element-593bb38 e-flex e-con-boxed e-con e-parent\" data-id=\"593bb38\" data-element_type=\"container\">\n\t\t\t\t\t<div class=\"e-con-inner\">\n\t\t\t\t<div class=\"elementor-element elementor-element-2cb9729 elementor-widget elementor-widget-text-editor\" data-id=\"2cb9729\" data-element_type=\"widget\" data-widget_type=\"text-editor.default\">\n\t\t\t\t<div class=\"elementor-widget-container\">\n\t\t\t\t\t\t\t\t\t<p>Nj\u00eb \u00e7\u00ebshtje tjet\u00ebr e r\u00ebnd\u00ebsishme q\u00eb materialet n\u00eb koleksion duhet t\u00eb ruhen p\u00ebr nj\u00eb koh\u00eb t\u00eb gjat\u00eb \u00ebsht\u00eb t\u00eb sigurohet q\u00eb ato t\u00eb mbrohen nga ndryshimet e papritura t\u00eb temperatur\u00ebs dhe lag\u00ebshtis\u00eb. N\u00eb biblioteka, nevojiten sisteme q\u00eb mund t\u00eb menaxhohen nga nj\u00eb qend\u00ebr e vetme p\u00ebr t\u00eb kondicioner\u00eb mjediset ku ruhen koleksionet, mjediset e pun\u00ebs dhe zonat e leximit sipas k\u00ebtyre kritereve. Si rezultat i matjes s\u00eb menj\u00ebhershme t\u00eb vlerave t\u00eb temperatur\u00ebs dhe lag\u00ebshtis\u00eb, sistemet e ajrit t\u00eb kondicionuar do t\u00eb aktivizohen n\u00eb p\u00ebrputhje me vlerat e matura dhe do t\u00eb sigurojn\u00eb q\u00eb vlerat e p\u00ebrcaktuara t\u00eb lag\u00ebshtis\u00eb dhe temperatur\u00ebs t\u00eb mbahen konstante pa ndryshuar.<\/p><p>Me metodat klasike vendosen sensor\u00eb t\u00eb ndrysh\u00ebm n\u00eb shum\u00eb pika t\u00eb bibliotek\u00ebs n\u00ebp\u00ebrmjet lidhjes kabllore dhe krijohen situata alarmi duke mbledhur t\u00eb dh\u00ebna nga k\u00ebta sensor\u00eb.N\u00eb sistemet e gjenerat\u00ebs s\u00eb re krijohet nj\u00eb rrjet me val\u00eb brenda bibliotek\u00ebs ku sensor\u00ebt me val\u00eb mund t\u00eb transmetojn\u00eb n\u00eb \u00e7ast t\u00eb dh\u00ebnat. duke lejuar mbledhjen e t\u00eb dh\u00ebnave n\u00eb koh\u00eb reale dhe aktivizimin automatik t\u00eb sistemeve ose marrjen e masave t\u00eb nevojshme.<\/p>\t\t\t\t\t\t\t\t<\/div>\n\t\t\t\t<\/div>\n\t\t\t\t\t<\/div>\n\t\t\t\t<\/div>\n\t\t<div class=\"elementor-element elementor-element-5b3de10 e-flex e-con-boxed e-con e-parent\" data-id=\"5b3de10\" data-element_type=\"container\">\n\t\t\t\t\t<div class=\"e-con-inner\">\n\t\t\t\t<div class=\"elementor-element elementor-element-ba743ce elementor-widget elementor-widget-image\" data-id=\"ba743ce\" data-element_type=\"widget\" data-widget_type=\"image.default\">\n\t\t\t\t<div class=\"elementor-widget-container\">\n\t\t\t\t\t\t\t\t\t\t\t\t\t\t\t<img decoding=\"async\" width=\"720\" height=\"211\" src=\"https:\/\/bibliotekavirtuale.com\/wp-content\/uploads\/2023\/12\/Sensref_web-02.png\" class=\"attachment-large size-large wp-image-237\" alt=\"\" \/>\t\t\t\t\t\t\t\t\t\t\t\t\t\t\t<\/div>\n\t\t\t\t<\/div>\n\t\t\t\t\t<\/div>\n\t\t\t\t<\/div>\n\t\t\t\t<\/div>\n\t\t","protected":false},"excerpt":{"rendered":"<p>\u00cbsht\u00eb e r\u00ebnd\u00ebsishme q\u00eb koleksioni t\u00eb mund t\u00eb ruhet n\u00eb nivelet e duhura t\u00eb lag\u00ebshtis\u00eb dhe temperatur\u00ebs dhe q\u00eb t\u00eb krijohen hap\u00ebsira banimi t\u00eb p\u00ebrshtatshme p\u00ebr komoditetin e p\u00ebrdoruesve. Sigurimi i ajrit t\u00eb kondicionuar me sisteme t\u00eb menaxhuara nga qendra dhe t\u00eb kontrolluara automatikisht n\u00eb koh\u00eb reale, n\u00eb vend t\u00eb zgjidhjeve t\u00eb thjeshta t\u00eb njohura, [&hellip;]<\/p>\n","protected":false},"author":2,"featured_media":0,"parent":0,"menu_order":0,"comment_status":"closed","ping_status":"closed","template":"","meta":{"footnotes":""},"class_list":["post-233","page","type-page","status-publish","hentry","post"],"_links":{"self":[{"href":"https:\/\/bibliotekavirtuale.com\/index.php\/wp-json\/wp\/v2\/pages\/233","targetHints":{"allow":["GET"]}}],"collection":[{"href":"https:\/\/bibliotekavirtuale.com\/index.php\/wp-json\/wp\/v2\/pages"}],"about":[{"href":"https:\/\/bibliotekavirtuale.com\/index.php\/wp-json\/wp\/v2\/types\/page"}],"author":[{"embeddable":true,"href":"https:\/\/bibliotekavirtuale.com\/index.php\/wp-json\/wp\/v2\/users\/2"}],"replies":[{"embeddable":true,"href":"https:\/\/bibliotekavirtuale.com\/index.php\/wp-json\/wp\/v2\/comments?post=233"}],"version-history":[{"count":4,"href":"https:\/\/bibliotekavirtuale.com\/index.php\/wp-json\/wp\/v2\/pages\/233\/revisions"}],"predecessor-version":[{"id":240,"href":"https:\/\/bibliotekavirtuale.com\/index.php\/wp-json\/wp\/v2\/pages\/233\/revisions\/240"}],"wp:attachment":[{"href":"https:\/\/bibliotekavirtuale.com\/index.php\/wp-json\/wp\/v2\/media?parent=233"}],"curies":[{"name":"wp","href":"https:\/\/api.w.org\/{rel}","templated":true}]}}