{"id":32,"date":"2023-12-22T05:33:54","date_gmt":"2023-12-22T05:33:54","guid":{"rendered":"https:\/\/bibliotekavirtuale.com\/?page_id=32"},"modified":"2023-12-25T16:00:20","modified_gmt":"2023-12-25T16:00:20","slug":"rreth-nesh","status":"publish","type":"page","link":"https:\/\/bibliotekavirtuale.com\/index.php\/rreth-nesh\/","title":{"rendered":"Rreth nesh"},"content":{"rendered":"\t\t<div data-elementor-type=\"wp-page\" data-elementor-id=\"32\" class=\"elementor elementor-32\">\n\t\t\t\t<div class=\"elementor-element elementor-element-3076c5d e-con-full e-flex e-con e-parent\" data-id=\"3076c5d\" data-element_type=\"container\">\n\t\t\t\t<div class=\"elementor-element elementor-element-0f32045 elementor-widget elementor-widget-shortcode\" data-id=\"0f32045\" data-element_type=\"widget\" data-widget_type=\"shortcode.default\">\n\t\t\t\t<div class=\"elementor-widget-container\">\n\t\t\t\t\t\t\t<div class=\"elementor-shortcode\"><\/div>\n\t\t\t\t\t\t<\/div>\n\t\t\t\t<\/div>\n\t\t\t\t<\/div>\n\t\t<div class=\"elementor-element elementor-element-a4d36af e-flex e-con-boxed e-con e-parent\" data-id=\"a4d36af\" data-element_type=\"container\">\n\t\t\t\t\t<div class=\"e-con-inner\">\n\t\t\t\t<div class=\"elementor-element elementor-element-a5531dc elementor-widget elementor-widget-heading\" data-id=\"a5531dc\" data-element_type=\"widget\" data-widget_type=\"heading.default\">\n\t\t\t\t<div class=\"elementor-widget-container\">\n\t\t\t\t\t<h2 class=\"elementor-heading-title elementor-size-default\">Kush jemi ne ?<\/h2>\t\t\t\t<\/div>\n\t\t\t\t<\/div>\n\t\t\t\t\t<\/div>\n\t\t\t\t<\/div>\n\t\t<div class=\"elementor-element elementor-element-9485ced e-flex e-con-boxed e-con e-parent\" data-id=\"9485ced\" data-element_type=\"container\">\n\t\t\t\t\t<div class=\"e-con-inner\">\n\t\t<div class=\"elementor-element elementor-element-6bc2d0a e-con-full e-flex e-con e-child\" data-id=\"6bc2d0a\" data-element_type=\"container\">\n\t\t\t\t<div class=\"elementor-element elementor-element-01ff3ea elementor-widget elementor-widget-image\" data-id=\"01ff3ea\" data-element_type=\"widget\" data-widget_type=\"image.default\">\n\t\t\t\t<div class=\"elementor-widget-container\">\n\t\t\t\t\t\t\t\t\t\t\t\t\t\t\t<img fetchpriority=\"high\" decoding=\"async\" width=\"720\" height=\"720\" src=\"https:\/\/bibliotekavirtuale.com\/wp-content\/uploads\/2023\/12\/Bibloteka-Virtuale.png\" class=\"attachment-large size-large wp-image-370\" alt=\"\" \/>\t\t\t\t\t\t\t\t\t\t\t\t\t\t\t<\/div>\n\t\t\t\t<\/div>\n\t\t\t\t<\/div>\n\t\t<div class=\"elementor-element elementor-element-d3ecc16 e-con-full e-flex e-con e-child\" data-id=\"d3ecc16\" data-element_type=\"container\">\n\t\t\t\t<div class=\"elementor-element elementor-element-fff40c0 elementor-widget elementor-widget-text-editor\" data-id=\"fff40c0\" data-element_type=\"widget\" data-widget_type=\"text-editor.default\">\n\t\t\t\t<div class=\"elementor-widget-container\">\n\t\t\t\t\t\t\t\t\t<p>E themeluar n\u00eb vitin 2016 p\u00ebr t\u00eb prodhuar zgjidhje n\u00eb fush\u00ebn e Internetit t\u00eb Gj\u00ebrave (IoT), ne nd\u00ebrmorem hapa t\u00eb r\u00ebnd\u00ebsish\u00ebm drejt shnd\u00ebrrimit n\u00eb &#8216;Ofrues t\u00eb Sh\u00ebrbimeve IoT&#8217; n\u00eb bashkpunim me Partner\u00ebt tan\u00eb me projektet e suksesshme q\u00eb u zbatuan n\u00eb nj\u00eb koh\u00eb t\u00eb shkurt\u00ebr dhe u b\u00eb nj\u00eb nga p\u00ebrfaq\u00ebsuesit m\u00eb t\u00eb r\u00ebnd\u00ebsish\u00ebm t\u00eb sektorit. .<\/p><p>Duke ofruar sh\u00ebrbime me zyr\u00ebn e tij n\u00eb Prishtin\u00eb, Shkup dhe Tiran\u00eb, ne jemi pionier i zhvillimeve teknologjike t\u00eb bazuara n\u00eb inovacion me ekipin e ton\u00eb t\u00eb fort\u00eb.<\/p><p>Duke prodhuar zgjidhje q\u00eb do t\u00eb minimizojn\u00eb gabimet njer\u00ebzore, do t\u00eb sigurojn\u00eb menaxhim korrekt t\u00eb proceseve dhe do t\u00eb ulin kostot operative n\u00eb fusha t\u00eb ndryshme, ve\u00e7an\u00ebrisht n\u00eb sektor\u00ebt e prodhimit dhe sh\u00ebrbimeve, BV arrin t\u00eb jet\u00eb gjithmon\u00eb nj\u00eb hap p\u00ebrpara konkurrent\u00ebve t\u00eb tij me qasje q\u00eb mund t\u00eb zgjidhin nj\u00eb gam\u00eb t\u00eb gjer\u00eb problemesh. <br \/>Duke zhvilluar produkte teknologjike t\u00eb bazuara n\u00eb R&amp;D. Nd\u00ebrsa projektet e identifikimit dhe auto id t\u00eb BV-Partner\u00ebve, t\u00eb cilat nis\u00ebn n\u00eb fush\u00ebn e bibliotekaris\u00eb dhe muzeumeve, jan\u00eb kryesisht n\u00eb sektorin publik, ai kryen gjithashtu projekte t\u00eb suksesshme.<\/p><p>BV me partner\u00ebt e saj\u00eb \u00ebsht\u00eb n\u00eb rrug\u00ebn e saj p\u00ebr t&#8217;u b\u00ebr\u00eb nj\u00eb mark\u00eb globale me projektet q\u00eb ka zbatuar n\u00eb aren\u00ebn nd\u00ebrkomb\u00ebtare dhe partneritetet e zgjidhjeve q\u00eb ofron, po p\u00ebrjeton nderin t\u00eb b\u00ebhet nj\u00eb nga kompanit\u00eb vendase me fuqi konkurruese globale n\u00eb nj\u00eb koh\u00eb t\u00eb shkurt\u00ebr, fal\u00eb produktivitetit t\u00eb saj t\u00eb q\u00ebndruesh\u00ebm.<\/p><p>BV bashk\u00eb me Partner\u00ebt synon t\u00eb jet\u00eb nj\u00eb kompani lider n\u00eb eksporte me zgjidhje me vler\u00eb t\u00eb lart\u00eb t\u00eb shtuar n\u00eb rrug\u00ebtimin e saj p\u00ebr t\u00eb &#8220;nd\u00ebrtuar t\u00eb ardhmen sot&#8221;.<\/p>\t\t\t\t\t\t\t\t<\/div>\n\t\t\t\t<\/div>\n\t\t\t\t<\/div>\n\t\t\t\t\t<\/div>\n\t\t\t\t<\/div>\n\t\t\t\t<\/div>\n\t\t","protected":false},"excerpt":{"rendered":"<p>Kush jemi ne ? E themeluar n\u00eb vitin 2016 p\u00ebr t\u00eb prodhuar zgjidhje n\u00eb fush\u00ebn e Internetit t\u00eb Gj\u00ebrave (IoT), ne nd\u00ebrmorem hapa t\u00eb r\u00ebnd\u00ebsish\u00ebm drejt shnd\u00ebrrimit n\u00eb &#8216;Ofrues t\u00eb Sh\u00ebrbimeve IoT&#8217; n\u00eb bashkpunim me Partner\u00ebt tan\u00eb me projektet e suksesshme q\u00eb u zbatuan n\u00eb nj\u00eb koh\u00eb t\u00eb shkurt\u00ebr dhe u b\u00eb nj\u00eb nga p\u00ebrfaq\u00ebsuesit [&hellip;]<\/p>\n","protected":false},"author":2,"featured_media":0,"parent":0,"menu_order":0,"comment_status":"closed","ping_status":"closed","template":"","meta":{"footnotes":""},"class_list":["post-32","page","type-page","status-publish","hentry","post"],"_links":{"self":[{"href":"https:\/\/bibliotekavirtuale.com\/index.php\/wp-json\/wp\/v2\/pages\/32","targetHints":{"allow":["GET"]}}],"collection":[{"href":"https:\/\/bibliotekavirtuale.com\/index.php\/wp-json\/wp\/v2\/pages"}],"about":[{"href":"https:\/\/bibliotekavirtuale.com\/index.php\/wp-json\/wp\/v2\/types\/page"}],"author":[{"embeddable":true,"href":"https:\/\/bibliotekavirtuale.com\/index.php\/wp-json\/wp\/v2\/users\/2"}],"replies":[{"embeddable":true,"href":"https:\/\/bibliotekavirtuale.com\/index.php\/wp-json\/wp\/v2\/comments?post=32"}],"version-history":[{"count":25,"href":"https:\/\/bibliotekavirtuale.com\/index.php\/wp-json\/wp\/v2\/pages\/32\/revisions"}],"predecessor-version":[{"id":427,"href":"https:\/\/bibliotekavirtuale.com\/index.php\/wp-json\/wp\/v2\/pages\/32\/revisions\/427"}],"wp:attachment":[{"href":"https:\/\/bibliotekavirtuale.com\/index.php\/wp-json\/wp\/v2\/media?parent=32"}],"curies":[{"name":"wp","href":"https:\/\/api.w.org\/{rel}","templated":true}]}}