{"id":323,"date":"2023-12-23T10:01:44","date_gmt":"2023-12-23T10:01:44","guid":{"rendered":"https:\/\/bibliotekavirtuale.com\/?page_id=323"},"modified":"2023-12-23T10:07:55","modified_gmt":"2023-12-23T10:07:55","slug":"yangin-onleme-sistemleri","status":"publish","type":"page","link":"https:\/\/bibliotekavirtuale.com\/index.php\/yangin-onleme-sistemleri\/","title":{"rendered":"Yang\u0131n \u00d6nleme Sistemleri"},"content":{"rendered":"\t\t<div data-elementor-type=\"wp-page\" data-elementor-id=\"323\" class=\"elementor elementor-323\">\n\t\t\t\t<div class=\"elementor-element elementor-element-699751b e-flex e-con-boxed e-con e-parent\" data-id=\"699751b\" data-element_type=\"container\">\n\t\t\t\t\t<div class=\"e-con-inner\">\n\t\t\t\t<div class=\"elementor-element elementor-element-5c2ff10 elementor-widget elementor-widget-shortcode\" data-id=\"5c2ff10\" data-element_type=\"widget\" data-widget_type=\"shortcode.default\">\n\t\t\t\t<div class=\"elementor-widget-container\">\n\t\t\t\t\t\t\t<div class=\"elementor-shortcode\"><\/div>\n\t\t\t\t\t\t<\/div>\n\t\t\t\t<\/div>\n\t\t\t\t\t<\/div>\n\t\t\t\t<\/div>\n\t\t<div class=\"elementor-element elementor-element-034770f e-flex e-con-boxed e-con e-parent\" data-id=\"034770f\" data-element_type=\"container\">\n\t\t\t\t\t<div class=\"e-con-inner\">\n\t\t<div class=\"elementor-element elementor-element-4c9b34f e-con-full e-flex e-con e-child\" data-id=\"4c9b34f\" data-element_type=\"container\">\n\t\t\t\t<div class=\"elementor-element elementor-element-b59b92b elementor-widget elementor-widget-text-editor\" data-id=\"b59b92b\" data-element_type=\"widget\" data-widget_type=\"text-editor.default\">\n\t\t\t\t<div class=\"elementor-widget-container\">\n\t\t\t\t\t\t\t\t\t<p>Mbrojtja e bibliotekave nga zjarri \u00ebsht\u00eb e r\u00ebnd\u00ebsishme p\u00ebr punonj\u00ebsit, p\u00ebrdoruesit dhe materialet q\u00eb nuk mund t\u00eb z\u00ebvend\u00ebsohen. Shum\u00eb metoda t\u00eb p\u00ebrdorura p\u00ebr dat\u00ebn ose d\u00ebmtojn\u00eb materialet ose i b\u00ebjn\u00eb bibliotekat hap\u00ebsira t\u00eb pajetueshme.<\/p>\t\t\t\t\t\t\t\t<\/div>\n\t\t\t\t<\/div>\n\t\t\t\t<\/div>\n\t\t<div class=\"elementor-element elementor-element-a959bfc e-con-full e-flex e-con e-child\" data-id=\"a959bfc\" data-element_type=\"container\">\n\t\t\t\t<div class=\"elementor-element elementor-element-2735b6c elementor-widget elementor-widget-image\" data-id=\"2735b6c\" data-element_type=\"widget\" data-widget_type=\"image.default\">\n\t\t\t\t<div class=\"elementor-widget-container\">\n\t\t\t\t\t\t\t\t\t\t\t\t\t\t\t<img fetchpriority=\"high\" decoding=\"async\" width=\"720\" height=\"405\" src=\"https:\/\/bibliotekavirtuale.com\/wp-content\/uploads\/2023\/12\/IMG_1554.jpg\" class=\"attachment-large size-large wp-image-328\" alt=\"\" \/>\t\t\t\t\t\t\t\t\t\t\t\t\t\t\t<\/div>\n\t\t\t\t<\/div>\n\t\t\t\t<\/div>\n\t\t\t\t\t<\/div>\n\t\t\t\t<\/div>\n\t\t<div class=\"elementor-element elementor-element-bcd12f9 e-flex e-con-boxed e-con e-parent\" data-id=\"bcd12f9\" data-element_type=\"container\">\n\t\t\t\t\t<div class=\"e-con-inner\">\n\t\t<div class=\"elementor-element elementor-element-5a43c2c e-con-full e-flex e-con e-child\" data-id=\"5a43c2c\" data-element_type=\"container\">\n\t\t\t\t<div class=\"elementor-element elementor-element-dac2a67 elementor-widget elementor-widget-image\" data-id=\"dac2a67\" data-element_type=\"widget\" data-widget_type=\"image.default\">\n\t\t\t\t<div class=\"elementor-widget-container\">\n\t\t\t\t\t\t\t\t\t\t\t\t\t\t\t<img decoding=\"async\" width=\"720\" height=\"405\" src=\"https:\/\/bibliotekavirtuale.com\/wp-content\/uploads\/2023\/12\/IMG_2008.jpg\" class=\"attachment-large size-large wp-image-330\" alt=\"\" \/>\t\t\t\t\t\t\t\t\t\t\t\t\t\t\t<\/div>\n\t\t\t\t<\/div>\n\t\t\t\t<\/div>\n\t\t<div class=\"elementor-element elementor-element-fd61a63 e-con-full e-flex e-con e-child\" data-id=\"fd61a63\" data-element_type=\"container\">\n\t\t\t\t<div class=\"elementor-element elementor-element-b8dc6fe elementor-widget elementor-widget-text-editor\" data-id=\"b8dc6fe\" data-element_type=\"widget\" data-widget_type=\"text-editor.default\">\n\t\t\t\t<div class=\"elementor-widget-container\">\n\t\t\t\t\t\t\t\t\t<p>Nd\u00ebrsa mbrojtja e bibliotekave, sigurimi q\u00eb p\u00ebrdoruesit dhe punonj\u00ebsit t\u00eb jen\u00eb n\u00eb bibliotek\u00eb pa u d\u00ebmtuar duhet t\u00eb jet\u00eb parimi baz\u00eb i sistemit t\u00eb parandalimit t\u00eb zjarrit. Me metod\u00ebn e oksidimit (deoksidimit) &#8211; heqjes s\u00eb oksigjenit t\u00eb rekomanduar nga Ankaref, oksigjeni n\u00eb mjedis mbahet vazhdimisht n\u00ebn vler\u00ebn minimale t\u00eb k\u00ebrkuar p\u00ebr t\u00eb parandaluar zjarrin. Si rezultat i z\u00ebvend\u00ebsimit t\u00eb 5% t\u00eb oksigjenit, q\u00eb \u00ebsht\u00eb 21% n\u00eb atmosfer\u00ebn normale, me 5% azot, ajri n\u00eb bibliotek\u00eb do t&#8217;i lejoj\u00eb njer\u00ebzit t\u00eb marrin frym\u00eb leht\u00eb dhe do t\u00eb parandaloj\u00eb zjarrin n\u00eb mjedis.<\/p>\t\t\t\t\t\t\t\t<\/div>\n\t\t\t\t<\/div>\n\t\t\t\t<\/div>\n\t\t\t\t\t<\/div>\n\t\t\t\t<\/div>\n\t\t<div class=\"elementor-element elementor-element-9672821 e-flex e-con-boxed e-con e-parent\" data-id=\"9672821\" data-element_type=\"container\">\n\t\t\t\t\t<div class=\"e-con-inner\">\n\t\t<div class=\"elementor-element elementor-element-4b8000e e-con-full e-flex e-con e-child\" data-id=\"4b8000e\" data-element_type=\"container\">\n\t\t\t\t<div class=\"elementor-element elementor-element-3e4f4cc elementor-widget elementor-widget-text-editor\" data-id=\"3e4f4cc\" data-element_type=\"widget\" data-widget_type=\"text-editor.default\">\n\t\t\t\t<div class=\"elementor-widget-container\">\n\t\t\t\t\t\t\t\t\t<p>Sistem koruma modu %15-16 oran\u0131nda Oksijen i\u00e7erirken acil durumlarda bask\u0131lama modu %10 -12 seviyelerinde olacakt\u0131r ki insanlar\u0131n %12-18 aras\u0131 oksijen seviyelerinde solunum fonksiyonlar\u0131n\u0131 yerine getirebilmesi sistemin ya\u015fam alanlar\u0131nda kullan\u0131labilirli\u011fini ortaya koymaktad\u0131r. Sistem e\u011fer uygun ise mevcut iklimlendirme cihazlar\u0131na veya yeni kurulacak iklimlendirme cihazlar\u0131na entegre bir \u015fekilde kurulabilir. Sistemin ana bile\u015fenleri kompres\u00f6r, azot \u00fcretici \u00fcnitesi, azot aktarma sistemi ve merkezi kontrol \u00fcnitesidir. K\u00fct\u00fcphanelerin kapasitelerine g\u00f6re farkl\u0131 gaz tabanl\u0131 \u00e7\u00f6z\u00fcmlerde sunulmaktad\u0131r. Ayr\u0131ca t\u00fcm sistem bile\u015fenleri k\u00fct\u00fcphane y\u00f6netim platformu \u00fczerinden izlenebilmekte ve y\u00f6netilebilmektedir.<\/p>\t\t\t\t\t\t\t\t<\/div>\n\t\t\t\t<\/div>\n\t\t\t\t<\/div>\n\t\t<div class=\"elementor-element elementor-element-7de7e74 e-con-full e-flex e-con e-child\" data-id=\"7de7e74\" data-element_type=\"container\">\n\t\t\t\t<div class=\"elementor-element elementor-element-6dcb789 elementor-widget elementor-widget-image\" data-id=\"6dcb789\" data-element_type=\"widget\" data-widget_type=\"image.default\">\n\t\t\t\t<div class=\"elementor-widget-container\">\n\t\t\t\t\t\t\t\t\t\t\t\t\t\t\t<img decoding=\"async\" width=\"720\" height=\"405\" src=\"https:\/\/bibliotekavirtuale.com\/wp-content\/uploads\/2023\/12\/IMG_2009.jpg\" class=\"attachment-large size-large wp-image-331\" alt=\"\" \/>\t\t\t\t\t\t\t\t\t\t\t\t\t\t\t<\/div>\n\t\t\t\t<\/div>\n\t\t\t\t<\/div>\n\t\t\t\t\t<\/div>\n\t\t\t\t<\/div>\n\t\t\t\t<\/div>\n\t\t","protected":false},"excerpt":{"rendered":"<p>Mbrojtja e bibliotekave nga zjarri \u00ebsht\u00eb e r\u00ebnd\u00ebsishme p\u00ebr punonj\u00ebsit, p\u00ebrdoruesit dhe materialet q\u00eb nuk mund t\u00eb z\u00ebvend\u00ebsohen. Shum\u00eb metoda t\u00eb p\u00ebrdorura p\u00ebr dat\u00ebn ose d\u00ebmtojn\u00eb materialet ose i b\u00ebjn\u00eb bibliotekat hap\u00ebsira t\u00eb pajetueshme. Nd\u00ebrsa mbrojtja e bibliotekave, sigurimi q\u00eb p\u00ebrdoruesit dhe punonj\u00ebsit t\u00eb jen\u00eb n\u00eb bibliotek\u00eb pa u d\u00ebmtuar duhet t\u00eb jet\u00eb parimi baz\u00eb [&hellip;]<\/p>\n","protected":false},"author":2,"featured_media":0,"parent":0,"menu_order":0,"comment_status":"closed","ping_status":"closed","template":"","meta":{"footnotes":""},"class_list":["post-323","page","type-page","status-publish","hentry","post"],"_links":{"self":[{"href":"https:\/\/bibliotekavirtuale.com\/index.php\/wp-json\/wp\/v2\/pages\/323","targetHints":{"allow":["GET"]}}],"collection":[{"href":"https:\/\/bibliotekavirtuale.com\/index.php\/wp-json\/wp\/v2\/pages"}],"about":[{"href":"https:\/\/bibliotekavirtuale.com\/index.php\/wp-json\/wp\/v2\/types\/page"}],"author":[{"embeddable":true,"href":"https:\/\/bibliotekavirtuale.com\/index.php\/wp-json\/wp\/v2\/users\/2"}],"replies":[{"embeddable":true,"href":"https:\/\/bibliotekavirtuale.com\/index.php\/wp-json\/wp\/v2\/comments?post=323"}],"version-history":[{"count":7,"href":"https:\/\/bibliotekavirtuale.com\/index.php\/wp-json\/wp\/v2\/pages\/323\/revisions"}],"predecessor-version":[{"id":334,"href":"https:\/\/bibliotekavirtuale.com\/index.php\/wp-json\/wp\/v2\/pages\/323\/revisions\/334"}],"wp:attachment":[{"href":"https:\/\/bibliotekavirtuale.com\/index.php\/wp-json\/wp\/v2\/media?parent=323"}],"curies":[{"name":"wp","href":"https:\/\/api.w.org\/{rel}","templated":true}]}}