{"id":336,"date":"2023-12-23T10:15:16","date_gmt":"2023-12-23T10:15:16","guid":{"rendered":"https:\/\/bibliotekavirtuale.com\/?page_id=336"},"modified":"2023-12-25T12:30:21","modified_gmt":"2023-12-25T12:30:21","slug":"katalogimi","status":"publish","type":"page","link":"https:\/\/bibliotekavirtuale.com\/index.php\/katalogimi\/","title":{"rendered":"katalogimi"},"content":{"rendered":"\t\t<div data-elementor-type=\"wp-page\" data-elementor-id=\"336\" class=\"elementor elementor-336\">\n\t\t\t\t<div class=\"elementor-element elementor-element-738a94e e-flex e-con-boxed e-con e-parent\" data-id=\"738a94e\" data-element_type=\"container\">\n\t\t\t\t\t<div class=\"e-con-inner\">\n\t\t\t\t<div class=\"elementor-element elementor-element-6390c3d elementor-widget elementor-widget-heading\" data-id=\"6390c3d\" data-element_type=\"widget\" data-widget_type=\"heading.default\">\n\t\t\t\t<div class=\"elementor-widget-container\">\n\t\t\t\t\t<h2 class=\"elementor-heading-title elementor-size-default\">Katalogimi<\/h2>\t\t\t\t<\/div>\n\t\t\t\t<\/div>\n\t\t\t\t\t<\/div>\n\t\t\t\t<\/div>\n\t\t<div class=\"elementor-element elementor-element-3abd7b3 e-flex e-con-boxed e-con e-parent\" data-id=\"3abd7b3\" data-element_type=\"container\">\n\t\t\t\t\t<div class=\"e-con-inner\">\n\t\t<div class=\"elementor-element elementor-element-978258b e-con-full e-flex e-con e-child\" data-id=\"978258b\" data-element_type=\"container\">\n\t\t\t\t<div class=\"elementor-element elementor-element-df7a15d elementor-widget elementor-widget-text-editor\" data-id=\"df7a15d\" data-element_type=\"widget\" data-widget_type=\"text-editor.default\">\n\t\t\t\t<div class=\"elementor-widget-container\">\n\t\t\t\t\t\t\t\t\t<p>Me Platform\u00ebn e Menaxhimit t\u00eb Bibliotekave LIBRI, shtohen operacione t\u00eb tilla si eliminimi i ngarkes\u00ebs s\u00eb krijimit t\u00eb t\u00eb dh\u00ebnave dhe marrja e t\u00eb dh\u00ebnave t\u00eb sakta bibliografike nga sh\u00ebrbimet e automatizimit t\u00eb p\u00ebrdorura globalisht, n\u00eb repertorin e katalogut pa b\u00ebr\u00eb asnj\u00eb rregullim, n\u00ebse nuk ka defekt n\u00eb burim. P\u00ebrdoruesi mund t&#8217;i rishikoj\u00eb leht\u00ebsisht k\u00ebto t\u00eb dh\u00ebna dhe t&#8217;i p\u00ebrfshij\u00eb ato n\u00eb baz\u00ebn e t\u00eb dh\u00ebnave t\u00eb katalogut.<\/p><p><strong>Komponent\u00ebt e nj\u00eb katalogimi efektiv,<\/strong><\/p><ul><li>Bashkimi i t\u00eb dh\u00ebnave bibliografike,<\/li><li>Redaktimi i informacionit t\u00eb materialit,<br \/>menaxhimin e burimeve dixhitale,<\/li><li>Marrja e raporteve t\u00eb etiketave dhe printimi i etiketave t\u00eb vetme,<\/li><li>N\u00eb p\u00ebrputhje me rregullat dhe standardet nd\u00ebrkomb\u00ebtare<br \/>staf ekspert<\/li><li>Dewey, numri i klasifikimit LC dhe titujt e l\u00ebnd\u00ebve<\/li><li>Format MARC i p\u00ebrshtatsh\u00ebm p\u00ebr llojin e materialit<\/li><li>Krijoni dhe shoq\u00ebroni t\u00eb dh\u00ebnat e autoritetit<\/li><li>Proceset teknike p\u00ebrkat\u00ebse (etiketa e pasme, etiketa e asetit, barkodi, etj.)<\/li><\/ul>\t\t\t\t\t\t\t\t<\/div>\n\t\t\t\t<\/div>\n\t\t\t\t<\/div>\n\t\t<div class=\"elementor-element elementor-element-9496427 e-con-full e-flex e-con e-child\" data-id=\"9496427\" data-element_type=\"container\">\n\t\t\t\t<div class=\"elementor-element elementor-element-6fba330 elementor-widget elementor-widget-image\" data-id=\"6fba330\" data-element_type=\"widget\" data-widget_type=\"image.default\">\n\t\t\t\t<div class=\"elementor-widget-container\">\n\t\t\t\t\t\t\t\t\t\t\t\t\t\t\t<img fetchpriority=\"high\" decoding=\"async\" width=\"432\" height=\"289\" src=\"https:\/\/bibliotekavirtuale.com\/wp-content\/uploads\/2023\/12\/kataloglama.png\" class=\"attachment-large size-large wp-image-338\" alt=\"\" \/>\t\t\t\t\t\t\t\t\t\t\t\t\t\t\t<\/div>\n\t\t\t\t<\/div>\n\t\t\t\t<\/div>\n\t\t\t\t\t<\/div>\n\t\t\t\t<\/div>\n\t\t\t\t<\/div>\n\t\t","protected":false},"excerpt":{"rendered":"<p>Katalogimi Me Platform\u00ebn e Menaxhimit t\u00eb Bibliotekave LIBRI, shtohen operacione t\u00eb tilla si eliminimi i ngarkes\u00ebs s\u00eb krijimit t\u00eb t\u00eb dh\u00ebnave dhe marrja e t\u00eb dh\u00ebnave t\u00eb sakta bibliografike nga sh\u00ebrbimet e automatizimit t\u00eb p\u00ebrdorura globalisht, n\u00eb repertorin e katalogut pa b\u00ebr\u00eb asnj\u00eb rregullim, n\u00ebse nuk ka defekt n\u00eb burim. P\u00ebrdoruesi mund t&#8217;i rishikoj\u00eb leht\u00ebsisht [&hellip;]<\/p>\n","protected":false},"author":2,"featured_media":0,"parent":0,"menu_order":0,"comment_status":"closed","ping_status":"closed","template":"","meta":{"footnotes":""},"class_list":["post-336","page","type-page","status-publish","hentry","post"],"_links":{"self":[{"href":"https:\/\/bibliotekavirtuale.com\/index.php\/wp-json\/wp\/v2\/pages\/336","targetHints":{"allow":["GET"]}}],"collection":[{"href":"https:\/\/bibliotekavirtuale.com\/index.php\/wp-json\/wp\/v2\/pages"}],"about":[{"href":"https:\/\/bibliotekavirtuale.com\/index.php\/wp-json\/wp\/v2\/types\/page"}],"author":[{"embeddable":true,"href":"https:\/\/bibliotekavirtuale.com\/index.php\/wp-json\/wp\/v2\/users\/2"}],"replies":[{"embeddable":true,"href":"https:\/\/bibliotekavirtuale.com\/index.php\/wp-json\/wp\/v2\/comments?post=336"}],"version-history":[{"count":7,"href":"https:\/\/bibliotekavirtuale.com\/index.php\/wp-json\/wp\/v2\/pages\/336\/revisions"}],"predecessor-version":[{"id":406,"href":"https:\/\/bibliotekavirtuale.com\/index.php\/wp-json\/wp\/v2\/pages\/336\/revisions\/406"}],"wp:attachment":[{"href":"https:\/\/bibliotekavirtuale.com\/index.php\/wp-json\/wp\/v2\/media?parent=336"}],"curies":[{"name":"wp","href":"https:\/\/api.w.org\/{rel}","templated":true}]}}