{"id":353,"date":"2023-12-23T10:20:53","date_gmt":"2023-12-23T10:20:53","guid":{"rendered":"https:\/\/bibliotekavirtuale.com\/?page_id=353"},"modified":"2023-12-25T12:39:29","modified_gmt":"2023-12-25T12:39:29","slug":"rishikimi-dhe-dokumentacioni","status":"publish","type":"page","link":"https:\/\/bibliotekavirtuale.com\/index.php\/rishikimi-dhe-dokumentacioni\/","title":{"rendered":"Rishikimi dhe Dokumentacioni"},"content":{"rendered":"\t\t<div data-elementor-type=\"wp-page\" data-elementor-id=\"353\" class=\"elementor elementor-353\">\n\t\t\t\t<div class=\"elementor-element elementor-element-e4cbe82 e-flex e-con-boxed e-con e-parent\" data-id=\"e4cbe82\" data-element_type=\"container\">\n\t\t\t\t\t<div class=\"e-con-inner\">\n\t\t\t\t<div class=\"elementor-element elementor-element-0bd1ea7 elementor-widget elementor-widget-heading\" data-id=\"0bd1ea7\" data-element_type=\"widget\" data-widget_type=\"heading.default\">\n\t\t\t\t<div class=\"elementor-widget-container\">\n\t\t\t\t\t<h2 class=\"elementor-heading-title elementor-size-default\">Rishikimi dhe Dokumentacioni<\/h2>\t\t\t\t<\/div>\n\t\t\t\t<\/div>\n\t\t\t\t\t<\/div>\n\t\t\t\t<\/div>\n\t\t<div class=\"elementor-element elementor-element-13b17f4 e-flex e-con-boxed e-con e-parent\" data-id=\"13b17f4\" data-element_type=\"container\">\n\t\t\t\t\t<div class=\"e-con-inner\">\n\t\t<div class=\"elementor-element elementor-element-7dd5ee6 e-con-full e-flex e-con e-child\" data-id=\"7dd5ee6\" data-element_type=\"container\">\n\t\t\t\t<div class=\"elementor-element elementor-element-6886b80 elementor-widget elementor-widget-text-editor\" data-id=\"6886b80\" data-element_type=\"widget\" data-widget_type=\"text-editor.default\">\n\t\t\t\t<div class=\"elementor-widget-container\">\n\t\t\t\t\t\t\t\t\t<p>Me proceset e ekzaminimit dhe dokumentimit t\u00eb systemit, na mund\u00ebsohet t\u00eb p\u00ebrcaktojm\u00eb qart\u00eb statusin e restaurimit dhe konservimit t\u00eb veprave dhe dor\u00ebshkrimeve tona t\u00eb rralla q\u00eb jan\u00eb transferuar ose do t\u00eb transferohen nga e kaluara n\u00eb t\u00eb ardhmen. N\u00eb p\u00ebrputhje me rezultatet e ekzaminimit dhe dokumentacionit t\u00eb kryer n\u00eb k\u00ebt\u00eb kuad\u00ebr, fillimisht p\u00ebrcaktohet statusi i vepr\u00ebs si \u201cshum\u00eb keq, keq, mesatar, mir\u00eb, shum\u00eb mir\u00eb\u201d. Sipas k\u00ebtyre p\u00ebrcaktimeve, p\u00ebrcaktohet p\u00ebrpar\u00ebsia e nd\u00ebrhyrjes ndaj pun\u00ebs dhe puna merret n\u00eb mbrojtje.<\/p><p><strong>P\u00ebrb\u00ebr\u00ebsit e nj\u00eb rishikimi dhe dokumentacioni efektiv<\/strong>,<\/p><ul><li>Parimet etike nd\u00ebrkomb\u00ebtare t\u00eb ruajtjes dhe restaurimit<br \/>staf ekspert<\/li><li>Shqyrtim i detajuar;<\/li><li>Zbulimi i teknik\u00ebs s\u00eb nd\u00ebrtimit dhe p\u00ebrkeq\u00ebsimi i pun\u00ebs<\/li><li>P\u00ebrcaktimi i vetive t\u00eb materialeve q\u00eb p\u00ebrb\u00ebjn\u00eb vepr\u00ebn<br \/>ruajtjes<\/li><\/ul>\t\t\t\t\t\t\t\t<\/div>\n\t\t\t\t<\/div>\n\t\t\t\t<\/div>\n\t\t\t\t<div class=\"elementor-element elementor-element-fa1f35e elementor-widget elementor-widget-image\" data-id=\"fa1f35e\" data-element_type=\"widget\" data-widget_type=\"image.default\">\n\t\t\t\t<div class=\"elementor-widget-container\">\n\t\t\t\t\t\t\t\t\t\t\t\t\t\t\t<img fetchpriority=\"high\" decoding=\"async\" width=\"432\" height=\"289\" src=\"https:\/\/bibliotekavirtuale.com\/wp-content\/uploads\/2023\/12\/inceleme-belgeleme.png\" class=\"attachment-large size-large wp-image-355\" alt=\"\" \/>\t\t\t\t\t\t\t\t\t\t\t\t\t\t\t<\/div>\n\t\t\t\t<\/div>\n\t\t\t\t\t<\/div>\n\t\t\t\t<\/div>\n\t\t\t\t<\/div>\n\t\t","protected":false},"excerpt":{"rendered":"<p>Rishikimi dhe Dokumentacioni Me proceset e ekzaminimit dhe dokumentimit t\u00eb systemit, na mund\u00ebsohet t\u00eb p\u00ebrcaktojm\u00eb qart\u00eb statusin e restaurimit dhe konservimit t\u00eb veprave dhe dor\u00ebshkrimeve tona t\u00eb rralla q\u00eb jan\u00eb transferuar ose do t\u00eb transferohen nga e kaluara n\u00eb t\u00eb ardhmen. N\u00eb p\u00ebrputhje me rezultatet e ekzaminimit dhe dokumentacionit t\u00eb kryer n\u00eb k\u00ebt\u00eb kuad\u00ebr, fillimisht [&hellip;]<\/p>\n","protected":false},"author":2,"featured_media":0,"parent":0,"menu_order":0,"comment_status":"closed","ping_status":"closed","template":"","meta":{"footnotes":""},"class_list":["post-353","page","type-page","status-publish","hentry","post"],"_links":{"self":[{"href":"https:\/\/bibliotekavirtuale.com\/index.php\/wp-json\/wp\/v2\/pages\/353","targetHints":{"allow":["GET"]}}],"collection":[{"href":"https:\/\/bibliotekavirtuale.com\/index.php\/wp-json\/wp\/v2\/pages"}],"about":[{"href":"https:\/\/bibliotekavirtuale.com\/index.php\/wp-json\/wp\/v2\/types\/page"}],"author":[{"embeddable":true,"href":"https:\/\/bibliotekavirtuale.com\/index.php\/wp-json\/wp\/v2\/users\/2"}],"replies":[{"embeddable":true,"href":"https:\/\/bibliotekavirtuale.com\/index.php\/wp-json\/wp\/v2\/comments?post=353"}],"version-history":[{"count":7,"href":"https:\/\/bibliotekavirtuale.com\/index.php\/wp-json\/wp\/v2\/pages\/353\/revisions"}],"predecessor-version":[{"id":413,"href":"https:\/\/bibliotekavirtuale.com\/index.php\/wp-json\/wp\/v2\/pages\/353\/revisions\/413"}],"wp:attachment":[{"href":"https:\/\/bibliotekavirtuale.com\/index.php\/wp-json\/wp\/v2\/media?parent=353"}],"curies":[{"name":"wp","href":"https:\/\/api.w.org\/{rel}","templated":true}]}}