{"id":6,"date":"2023-12-21T12:28:57","date_gmt":"2023-12-21T12:28:57","guid":{"rendered":"https:\/\/bibliotekavirtuale.com\/?page_id=6"},"modified":"2023-12-25T16:12:18","modified_gmt":"2023-12-25T16:12:18","slug":"home","status":"publish","type":"page","link":"https:\/\/bibliotekavirtuale.com\/","title":{"rendered":"home"},"content":{"rendered":"\t\t<div data-elementor-type=\"wp-page\" data-elementor-id=\"6\" class=\"elementor elementor-6\">\n\t\t\t\t<div class=\"elementor-element elementor-element-4b74120 e-flex e-con-boxed e-con e-parent\" data-id=\"4b74120\" data-element_type=\"container\">\n\t\t\t\t\t<div class=\"e-con-inner\">\n\t\t\t\t<div class=\"elementor-element elementor-element-a01e534 elementor-widget elementor-widget-shortcode\" data-id=\"a01e534\" data-element_type=\"widget\" data-widget_type=\"shortcode.default\">\n\t\t\t\t<div class=\"elementor-widget-container\">\n\t\t\t\t\t\t\t<div class=\"elementor-shortcode\"><\/div>\n\t\t\t\t\t\t<\/div>\n\t\t\t\t<\/div>\n\t\t\t\t\t<\/div>\n\t\t\t\t<\/div>\n\t\t<div class=\"elementor-element elementor-element-bde89fd e-con-full e-flex e-con e-parent\" data-id=\"bde89fd\" data-element_type=\"container\">\n\t\t\t\t<div class=\"elementor-element elementor-element-4a98f35 elementor-widget elementor-widget-text-editor\" data-id=\"4a98f35\" data-element_type=\"widget\" data-widget_type=\"text-editor.default\">\n\t\t\t\t<div class=\"elementor-widget-container\">\n\t\t\t\t\t\t\t\t\t<h5><em><strong>Pse duhet Komuna juaj\u00eb ta krijoj Biblioteken Virtuale?<br \/><\/strong><\/em><br \/><em>Nj\u00eb bibliotek\u00eb virtuale ofron nj\u00eb mund\u00ebsi t\u00eb mrekullueshme p\u00ebr komun\u00ebn p\u00ebr t\u00eb zgjeruar qasjen n\u00eb dije dhe edukim p\u00ebr t\u00eb gjith\u00eb qytetar\u00ebt e saj. Ajo mund\u00ebson qasje t\u00eb leht\u00eb dhe t\u00eb shpejt\u00eb n\u00eb nj\u00eb gam\u00eb t\u00eb gjer\u00eb materialeve edukative dhe burimeve informative pa kufizime hap\u00ebsinore ose kohore.<\/em><br \/><br \/><em>Kjo do t\u00eb thot\u00eb se qytetar\u00ebt mund t\u00eb aksesojn\u00eb libra, revista, artikuj shkencor\u00eb, dhe burime t\u00eb tjera edukative nga \u00e7do vend dhe n\u00eb \u00e7do koh\u00eb, duke iu p\u00ebrshtatur orareve t\u00eb tyre dhe duke i ndihmuar ata t\u00eb vazhdojn\u00eb t\u00eb m\u00ebsojn\u00eb dhe t\u00eb zhvillohen.<\/em><br \/><br \/><em>Nj\u00eb bibliotek\u00eb virtuale gjithashtu ofron mund\u00ebsi p\u00ebr persona me kufizime fizike ose ata q\u00eb ndodhen n\u00eb zona t\u00eb larg\u00ebta, duke u siguruar qasje t\u00eb barabart\u00eb n\u00eb burime arsimore. S\u00eb fundi, ajo ndihmon n\u00eb promovimin e kultur\u00ebs s\u00eb leximit dhe t\u00eb m\u00ebsimit t\u00eb vazhduesh\u00ebm, duke kontribuar n\u00eb zhvillimin e nj\u00eb shoq\u00ebrie m\u00eb t\u00eb informuar dhe t\u00eb arsimuar.<\/em><\/h5>\t\t\t\t\t\t\t\t<\/div>\n\t\t\t\t<\/div>\n\t\t\t\t<\/div>\n\t\t\t\t<\/div>\n\t\t","protected":false},"excerpt":{"rendered":"<p>Pse duhet Komuna juaj\u00eb ta krijoj Biblioteken Virtuale?Nj\u00eb bibliotek\u00eb virtuale ofron nj\u00eb mund\u00ebsi t\u00eb mrekullueshme p\u00ebr komun\u00ebn p\u00ebr t\u00eb zgjeruar qasjen n\u00eb dije dhe edukim p\u00ebr t\u00eb gjith\u00eb qytetar\u00ebt e saj. Ajo mund\u00ebson qasje t\u00eb leht\u00eb dhe t\u00eb shpejt\u00eb n\u00eb nj\u00eb gam\u00eb t\u00eb gjer\u00eb materialeve edukative dhe burimeve informative pa kufizime hap\u00ebsinore ose kohore. Kjo [&hellip;]<\/p>\n","protected":false},"author":2,"featured_media":0,"parent":0,"menu_order":0,"comment_status":"closed","ping_status":"closed","template":"","meta":{"footnotes":""},"class_list":["post-6","page","type-page","status-publish","hentry","post"],"_links":{"self":[{"href":"https:\/\/bibliotekavirtuale.com\/index.php\/wp-json\/wp\/v2\/pages\/6","targetHints":{"allow":["GET"]}}],"collection":[{"href":"https:\/\/bibliotekavirtuale.com\/index.php\/wp-json\/wp\/v2\/pages"}],"about":[{"href":"https:\/\/bibliotekavirtuale.com\/index.php\/wp-json\/wp\/v2\/types\/page"}],"author":[{"embeddable":true,"href":"https:\/\/bibliotekavirtuale.com\/index.php\/wp-json\/wp\/v2\/users\/2"}],"replies":[{"embeddable":true,"href":"https:\/\/bibliotekavirtuale.com\/index.php\/wp-json\/wp\/v2\/comments?post=6"}],"version-history":[{"count":22,"href":"https:\/\/bibliotekavirtuale.com\/index.php\/wp-json\/wp\/v2\/pages\/6\/revisions"}],"predecessor-version":[{"id":437,"href":"https:\/\/bibliotekavirtuale.com\/index.php\/wp-json\/wp\/v2\/pages\/6\/revisions\/437"}],"wp:attachment":[{"href":"https:\/\/bibliotekavirtuale.com\/index.php\/wp-json\/wp\/v2\/media?parent=6"}],"curies":[{"name":"wp","href":"https:\/\/api.w.org\/{rel}","templated":true}]}}